{"id":2,"date":"2014-03-27T09:07:25","date_gmt":"2014-03-27T09:07:25","guid":{"rendered":"https:\/\/www.champignons.at\/?page_id=2"},"modified":"2014-03-27T11:37:30","modified_gmt":"2014-03-27T09:37:30","slug":"beispiel-seite","status":"publish","type":"page","link":"https:\/\/www.champignons.at\/?page_id=2","title":{"rendered":"Teddyb\u00e4r Champignons &#8211; Der Qualit\u00e4tsunterschied"},"content":{"rendered":"<p>Champignons haben in allen K\u00fcchen Eingang gefunden hat. Doch die Qualit\u00e4t war in der Vergangenheit oft nicht zufriedenstellend. Um dieses Problem zu l\u00f6sen, haben wir die Marke Teddyb\u00e4r Champignons kreiert. Mehrmals w\u00f6chentlich werden unsere Champignons frisch geschnitten, verpackt und unter Wahrung der optimalen K\u00fchltemperatur angeliefert, sofort kommissioniert und wieder ausgeliefert. Das garantiert den Qualit\u00e4tsunterschied.<\/p>\n","protected":false},"excerpt":{"rendered":"<p>Champignons haben in allen K\u00fcchen Eingang gefunden hat. Doch die Qualit\u00e4t war in der Vergangenheit oft nicht zufriedenstellend. Um dieses Problem zu l\u00f6sen, haben wir die Marke Teddyb\u00e4r Champignons kreiert. Mehrmals w\u00f6chentlich werden unsere Champignons frisch geschnitten, verpackt und unter &hellip; <a href=\"https:\/\/www.champignons.at\/?page_id=2\">Weiterlesen <span class=\"meta-nav\">&rarr;<\/span><\/a><\/p>\n","protected":false},"author":1,"featured_media":0,"parent":0,"menu_order":0,"comment_status":"open","ping_status":"open","template":"","meta":[],"_links":{"self":[{"href":"https:\/\/www.champignons.at\/index.php?rest_route=\/wp\/v2\/pages\/2"}],"collection":[{"href":"https:\/\/www.champignons.at\/index.php?rest_route=\/wp\/v2\/pages"}],"about":[{"href":"https:\/\/www.champignons.at\/index.php?rest_route=\/wp\/v2\/types\/page"}],"author":[{"embeddable":true,"href":"https:\/\/www.champignons.at\/index.php?rest_route=\/wp\/v2\/users\/1"}],"replies":[{"embeddable":true,"href":"https:\/\/www.champignons.at\/index.php?rest_route=%2Fwp%2Fv2%2Fcomments&post=2"}],"version-history":[{"count":2,"href":"https:\/\/www.champignons.at\/index.php?rest_route=\/wp\/v2\/pages\/2\/revisions"}],"predecessor-version":[{"id":9,"href":"https:\/\/www.champignons.at\/index.php?rest_route=\/wp\/v2\/pages\/2\/revisions\/9"}],"wp:attachment":[{"href":"https:\/\/www.champignons.at\/index.php?rest_route=%2Fwp%2Fv2%2Fmedia&parent=2"}],"curies":[{"name":"wp","href":"https:\/\/api.w.org\/{rel}","templated":true}]}}